{"id":9,"date":"2013-05-27T13:21:54","date_gmt":"2013-05-27T11:21:54","guid":{"rendered":"http:\/\/wordpress.p190119.webspaceconfig.de\/?page_id=9"},"modified":"2016-12-21T18:39:42","modified_gmt":"2016-12-21T16:39:42","slug":"urlaubssylter","status":"publish","type":"page","link":"https:\/\/www.urlaubssylter.de\/index.php\/urlaubssylter\/","title":{"rendered":"URLAUBSSYLTER"},"content":{"rendered":"<p>[et_pb_section admin_label=&#8220;Sektion&#8220; fullwidth=&#8220;off&#8220; specialty=&#8220;off&#8220; transparent_background=&#8220;off&#8220; background_color=&#8220;#f5f5f5&#8243; allow_player_pause=&#8220;off&#8220; inner_shadow=&#8220;off&#8220; parallax=&#8220;off&#8220; parallax_method=&#8220;off&#8220; padding_mobile=&#8220;off&#8220; make_fullwidth=&#8220;off&#8220; use_custom_width=&#8220;off&#8220; width_unit=&#8220;on&#8220; make_equal=&#8220;off&#8220; use_custom_gutter=&#8220;off&#8220;][et_pb_row admin_label=&#8220;Zeile&#8220;][et_pb_column type=&#8220;4_4&#8243;][et_pb_blurb admin_label=&#8220;Informationstext&#8220; title=&#8220;Urlaubssylter&#8220; url_new_window=&#8220;off&#8220; use_icon=&#8220;on&#8220; font_icon=&#8220;%%91%%&#8220; icon_color=&#8220;#7EBEC5&#8243; use_circle=&#8220;off&#8220; circle_color=&#8220;#7EBEC5&#8243; use_circle_border=&#8220;off&#8220; circle_border_color=&#8220;#7EBEC5&#8243; icon_placement=&#8220;left&#8220; animation=&#8220;top&#8220; background_layout=&#8220;light&#8220; text_orientation=&#8220;left&#8220; use_icon_font_size=&#8220;off&#8220; use_border_color=&#8220;off&#8220; border_color=&#8220;#ffffff&#8220; border_style=&#8220;solid&#8220;]<\/p>\n<p><strong>Von Syltern f\u00fcr Urlaubssylter<\/strong><\/p>\n<p>Lassen Sie sich inspirieren. Auch wenn Sie jedes Jahr Ihren Urlaub auf der Insel verbringen und zum echten Urlaubssylter werden \u2013 Sylt wird Sie jedes Mal aufs Neue \u00fcberraschen. So wie sich Strand und K\u00fcste Jahr f\u00fcr Jahr ver\u00e4ndern, ist auch die Insel selbst in stetigem Wandel. Auf dieser Seite geben wir Ihnen ein paar Inspirationen f\u00fcr Ihren n\u00e4chsten Sylturlaub.<\/p>\n<p>Wir w\u00fcnschen Ihnen jetzt schon viel Spa\u00df!<\/p>\n<p>[\/et_pb_blurb][\/et_pb_column][\/et_pb_row][\/et_pb_section][et_pb_section admin_label=&#8220;Sektion&#8220; fullwidth=&#8220;off&#8220; specialty=&#8220;off&#8220;][et_pb_row admin_label=&#8220;Zeile&#8220;][et_pb_column type=&#8220;1_3&#8243;][et_pb_blurb admin_label=&#8220;Informationstext&#8220; title=&#8220;Vogelkoje&#8220; url=&#8220;http:\/\/www.vogelkoje.de&#8220; url_new_window=&#8220;on&#8220; use_icon=&#8220;on&#8220; font_icon=&#8220;%%154%%&#8220; icon_color=&#8220;#7EBEC5&#8243; use_circle=&#8220;off&#8220; circle_color=&#8220;#7EBEC5&#8243; use_circle_border=&#8220;off&#8220; circle_border_color=&#8220;#7EBEC5&#8243; icon_placement=&#8220;left&#8220; animation=&#8220;top&#8220; background_layout=&#8220;light&#8220; text_orientation=&#8220;left&#8220; use_icon_font_size=&#8220;off&#8220; use_border_color=&#8220;off&#8220; border_color=&#8220;#ffffff&#8220; border_style=&#8220;solid&#8220;]<\/p>\n<p>Stilvolles Ambiente und die vielleicht beste halbe Ente der Insel. In der kampener Vogelkoje wurden zwischen 1767 und 1921 Flugenten auf der Durchreise gefangen. Heute erfahren Sie hier nur noch einiges \u00fcber das historische Inselleben, und Sie k\u00f6nnen richtig schick essen gehen. Das Restaurant Vogelkoje trumpft besonders mit neu interpretierten Klassikern und internationaler K\u00fcche auf.<\/p>\n<p><img loading=\"lazy\" decoding=\"async\" class=\"size-full wp-image-966\" src=\"http:\/\/www.urlaubssylter.de\/wp-content\/uploads\/vk-1.jpg\" alt=\"\" width=\"567\" height=\"378\" srcset=\"https:\/\/www.urlaubssylter.de\/wp-content\/uploads\/vk-1.jpg 567w, https:\/\/www.urlaubssylter.de\/wp-content\/uploads\/vk-1-300x200.jpg 300w\" sizes=\"(max-width: 567px) 100vw, 567px\" \/><\/p>\n<p>So gibt es zum Beispiel neben der klassischen halben Ente mit Rotkohl mittlerweile auch eine Asiaente mit Wokgem\u00fcse. In der Vogelkoje werden Sie vom Fr\u00fchst\u00fcck bis zum letzten Digestif am Abend mit hochklassigen Leckereien verw\u00f6hnt. <a href=\"http:\/\/www.vogelkoje.de\/\">http:\/\/www.vogelkoje.de\/<\/a><\/p>\n<p>[\/et_pb_blurb][\/et_pb_column][et_pb_column type=&#8220;1_3&#8243;][et_pb_blurb admin_label=&#8220;Informationstext&#8220; title=&#8220;Tiefensch\u00e4rfe&#8220; url=&#8220;www.tiefenschaerfe-sylt.de&#8220; url_new_window=&#8220;on&#8220; use_icon=&#8220;on&#8220; font_icon=&#8220;%%237%%&#8220; icon_color=&#8220;#7EBEC5&#8243; use_circle=&#8220;off&#8220; circle_color=&#8220;#7EBEC5&#8243; use_circle_border=&#8220;off&#8220; circle_border_color=&#8220;#7EBEC5&#8243; icon_placement=&#8220;left&#8220; animation=&#8220;top&#8220; background_layout=&#8220;light&#8220; text_orientation=&#8220;left&#8220; use_icon_font_size=&#8220;off&#8220; use_border_color=&#8220;off&#8220; border_color=&#8220;#ffffff&#8220; border_style=&#8220;solid&#8220;]<\/p>\n<p>Besondere Momente verewigen. Die Bilder des Sylter Fotografen Axel Steinbach fangen die Atmosph\u00e4re des Augenblicks ein und nehmen in einzigartiger Weise die Dynamik der Insel auf. Wir haben ihn bereits an viele Hochzeitsgesellschaften vermittelt \u2013 alle waren begeistert. Es m\u00fcssen allerdings nicht immer die gro\u00dfen Anl\u00e4sse sein.<\/p>\n<p><img loading=\"lazy\" decoding=\"async\" class=\"alignnone wp-image-965 size-thumbnail\" src=\"http:\/\/www.urlaubssylter.de\/wp-content\/uploads\/Axel-1-150x150.jpg\" width=\"150\" height=\"150\" \/><\/p>\n<p>Deswegen stellen wir Tiefensch\u00e4rfe hier kurz vor. Der Urlaub mit der Familie, die Zweisamkeit am Strand, der Gedanke an die Daheimgebliebenen \u2013 vieles ist es Wert, in professionellen Bildern festgehalten zu werden. Die Freude, die die Aufnahmen bringen, ist ohnehin unbezahlbar. Kontakt: Axel Steinbach, Telefon: 0171 \/ 19 13 477, <a href=\"mailto:axel@xn--tiefenschrfe-sylt-yqb.de\">axel@tiefensch\u00e4rfe-sylt.de<\/a>, <a href=\"http:\/\/www.tiefenschaerfe-sylt.de\/\">www.tiefenschaerfe-sylt.de<\/a><\/p>\n<p>[\/et_pb_blurb][\/et_pb_column][et_pb_column type=&#8220;1_3&#8243;][et_pb_blurb admin_label=&#8220;Informationstext&#8220; title=&#8220;Beach Box \u2013 lecker snacken \u2026&#8220; url=&#8220;https:\/\/www.facebook.com\/Beach-Box-Sylt-674262186032516\/&#8220; url_new_window=&#8220;on&#8220; use_icon=&#8220;on&#8220; font_icon=&#8220;%%141%%&#8220; icon_color=&#8220;#7EBEC5&#8243; use_circle=&#8220;off&#8220; circle_color=&#8220;#7EBEC5&#8243; use_circle_border=&#8220;off&#8220; circle_border_color=&#8220;#7EBEC5&#8243; icon_placement=&#8220;left&#8220; animation=&#8220;top&#8220; background_layout=&#8220;light&#8220; text_orientation=&#8220;left&#8220; use_icon_font_size=&#8220;off&#8220; use_border_color=&#8220;off&#8220; border_color=&#8220;#ffffff&#8220; border_style=&#8220;solid&#8220;]<\/p>\n<p>In den bekannten Strandlokalen, die f\u00fcr Ihre Currywurst oder das Fischbr\u00f6tchen ber\u00fchmt sind, trifft man die richtigen Sylter oft nicht an.<\/p>\n<p>Um mit Einheimischen zu schnacken und einen der besten Burger der Insel zu essen ist die BEACH BOX, ein kleiner Kiosk in der K\u00e4ptn Christiansen Stra\u00dfe hinter dem \u201eStrandhotel\u201c die richtige Adresse. Ob nach einem langen Strandtag oder nach dem abendlichen Stadtbummel, in der BEACH BOX gibt es immer einen leckeren Snack.<\/p>\n<p><img loading=\"lazy\" decoding=\"async\" class=\"alignnone size-full wp-image-967\" src=\"http:\/\/www.urlaubssylter.de\/wp-content\/uploads\/13323556_908829115909154_8430174658495586740_o.jpg\" alt=\"\" width=\"1078\" height=\"1066\" srcset=\"https:\/\/www.urlaubssylter.de\/wp-content\/uploads\/13323556_908829115909154_8430174658495586740_o.jpg 1078w, https:\/\/www.urlaubssylter.de\/wp-content\/uploads\/13323556_908829115909154_8430174658495586740_o-300x297.jpg 300w, https:\/\/www.urlaubssylter.de\/wp-content\/uploads\/13323556_908829115909154_8430174658495586740_o-768x759.jpg 768w, https:\/\/www.urlaubssylter.de\/wp-content\/uploads\/13323556_908829115909154_8430174658495586740_o-1024x1013.jpg 1024w\" sizes=\"(max-width: 1078px) 100vw, 1078px\" \/><\/p>\n<p>[\/et_pb_blurb][\/et_pb_column][\/et_pb_row][et_pb_row admin_label=&#8220;Zeile&#8220;][et_pb_column type=&#8220;1_2&#8243;][et_pb_blurb admin_label=&#8220;Informationstext&#8220; title=&#8220;Bo der Strandholzbandit&#8220; url=&#8220;http:\/\/duenenstrauss.de&#8220; url_new_window=&#8220;on&#8220; use_icon=&#8220;on&#8220; font_icon=&#8220;%%171%%&#8220; icon_color=&#8220;#7EBEC5&#8243; use_circle=&#8220;off&#8220; circle_color=&#8220;#7EBEC5&#8243; use_circle_border=&#8220;off&#8220; circle_border_color=&#8220;#7EBEC5&#8243; icon_placement=&#8220;left&#8220; animation=&#8220;top&#8220; background_layout=&#8220;light&#8220; text_orientation=&#8220;left&#8220; use_icon_font_size=&#8220;off&#8220; use_border_color=&#8220;off&#8220; border_color=&#8220;#ffffff&#8220; border_style=&#8220;solid&#8220;]<\/p>\n<p>Bilderbuchwetter. Blauer Himmel, wei\u00dfer Sand, warmer Wind aus S\u00fcdwest. Muscheln suchen, zum Horizont schauen, Steine ins Wasser werfen \u2013 einfach mal in den Sand setzen und die Augen schlie\u00dfen. Der perfekte Tag f\u00fcr einen Strandspaziergang. Kaum zu glauben, aber da gibt es jemanden, f\u00fcr den derartige Spazierg\u00e4nge am Strand zum Beruf geh\u00f6ren. Echt? Ja, echt! Nur, darf man sich Bos Tage am Meer nicht immer so vorstellen wie oben beschrieben. Denn am effektivsten sind seine Stunden an der frischen Nordseeluft, bei schlechtem Wetter. Genauer gesagt, in der Zeit, in der die St\u00fcrme \u00fcber Sylt w\u00fcten. Denn die bringen ihm Geschenke \u2026 aus Holz.<\/p>\n<p><img loading=\"lazy\" decoding=\"async\" class=\"alignnone size-full wp-image-963\" src=\"http:\/\/www.urlaubssylter.de\/wp-content\/uploads\/D\u00fcnenstrauss_Bo.jpg\" alt=\"\" width=\"983\" height=\"761\" srcset=\"https:\/\/www.urlaubssylter.de\/wp-content\/uploads\/D\u00fcnenstrauss_Bo.jpg 983w, https:\/\/www.urlaubssylter.de\/wp-content\/uploads\/D\u00fcnenstrauss_Bo-300x232.jpg 300w, https:\/\/www.urlaubssylter.de\/wp-content\/uploads\/D\u00fcnenstrauss_Bo-768x595.jpg 768w\" sizes=\"(max-width: 983px) 100vw, 983px\" \/><\/p>\n<p>Es geht um Strandgut, also Gegenst\u00e4nde die durch Meeresstr\u00f6mungen und Tiden an den Strand gesp\u00fclt werden. Dinge von verungl\u00fcckten Schiffen etwa, oder welche die \u00fcber Bord gegangen sind, oder die von anderen K\u00fcstenabschnitten abgetragen wurden. Nach deutschem Recht gilt das uneingeschr\u00e4nkte Fundrecht f\u00fcr derartig herrenloses Material an der K\u00fcste. Damit ist der Strand Bos Eldorado, denn Bo ist K\u00fcnstler und stellt aus gefundenem Strandholz M\u00f6belst\u00fccke her. Strandspazierg\u00e4nge geh\u00f6ren damit zu seinem Alltag \u2013 aber mehr noch die Zeit in seiner Werkstatt in List, in der er seine Werke auch ausstellt. Von Leuchten aus Austernschalen bis hin zu einer Tonne schweren Skulpturen aus geblichenem Holz oder kleinen bunt angestrichenen St\u00fccken mit Aufdruck findet man hier so einiges. Und wenn\u2019s noch nicht da ist, wird es einfach gemacht. Ungew\u00f6hnliche Auftragsarbeiten und die Umsetzung \u201eabgefahrener\u201c Ideen sind die Leidenschaft des 35-j\u00e4hrigen Delmenhorsters, den es vor neun Jahren nach Sylt verschlug, um hier \u201eProfi-Strandspazierg\u00e4nger\u201c zu werden.<\/p>\n<p><img loading=\"lazy\" decoding=\"async\" class=\"alignnone size-full wp-image-964\" src=\"http:\/\/www.urlaubssylter.de\/wp-content\/uploads\/D\u00fcnenstrauss_Coast.jpg\" alt=\"\" width=\"960\" height=\"960\" srcset=\"https:\/\/www.urlaubssylter.de\/wp-content\/uploads\/D\u00fcnenstrauss_Coast.jpg 960w, https:\/\/www.urlaubssylter.de\/wp-content\/uploads\/D\u00fcnenstrauss_Coast-150x150.jpg 150w, https:\/\/www.urlaubssylter.de\/wp-content\/uploads\/D\u00fcnenstrauss_Coast-300x300.jpg 300w, https:\/\/www.urlaubssylter.de\/wp-content\/uploads\/D\u00fcnenstrauss_Coast-768x768.jpg 768w\" sizes=\"(max-width: 960px) 100vw, 960px\" \/><\/p>\n<p>Text von Tom Tautz | Sylt im Gegenlicht <a href=\"http:\/\/www.duenenstrauss.de\/\">http:\/\/www.duenenstrauss.de\/<\/a><\/p>\n<p>[\/et_pb_blurb][\/et_pb_column][et_pb_column type=&#8220;1_2&#8243;][et_pb_blurb admin_label=&#8220;Informationstext&#8220; title=&#8220;Strandk\u00f6rbe&#8220; url=&#8220;www.sylt-strandkoerbe.de&#8220; url_new_window=&#8220;on&#8220; use_icon=&#8220;on&#8220; font_icon=&#8220;%%101%%&#8220; icon_color=&#8220;#7EBEC5&#8243; use_circle=&#8220;off&#8220; circle_color=&#8220;#7EBEC5&#8243; use_circle_border=&#8220;off&#8220; circle_border_color=&#8220;#7EBEC5&#8243; icon_placement=&#8220;left&#8220; animation=&#8220;top&#8220; background_layout=&#8220;light&#8220; text_orientation=&#8220;left&#8220; use_icon_font_size=&#8220;off&#8220; use_border_color=&#8220;off&#8220; border_color=&#8220;#ffffff&#8220; border_style=&#8220;solid&#8220;]<\/p>\n<p>Was w\u00e4re Sylt ohne seine Strandk\u00f6rbe? Immer noch unglaublich sch\u00f6n! Trotzdem geh\u00f6ren die Strandk\u00f6rbe der Familie Trautmann zum Strandbild wie der wei\u00dfe Sand.<\/p>\n<p><img loading=\"lazy\" decoding=\"async\" class=\"alignnone size-full wp-image-968\" src=\"http:\/\/www.urlaubssylter.de\/wp-content\/uploads\/west-1.jpg\" alt=\"\" width=\"158\" height=\"184\" \/><\/p>\n<p>Bei einem Besuch in dem alt-eingesessenen Familienbetrieb k\u00f6nnen Sie zuschauen, wie in Handarbeit ein neuer Strandkorb entsteht. Ein echtes Erlebnis! Trautmanns sind auch immer f\u00fcr einen netten Schnack zu haben. Und sollte doch mal keine Zeit zum Kl\u00f6nen sein, k\u00f6nnen Sie immer noch in Ruhe durch das ausgefallene Angebot netter Dekoartikel f\u00fcr Haus und Garten st\u00f6bern. Wer es \u201ecooler\u201c mag, findet direkt nebenan au\u00dferdem den bei einheimischen beliebten Surfshop Sandbank Sylt. Adresse: Hafenstra\u00dfe 10, Telefon:+49 4651 22843, <a href=\"http:\/\/www.sylt-strandkoerbe.de\/\">www.sylt-strandkoerbe.de<\/a><\/p>\n<p>[\/et_pb_blurb][\/et_pb_column][\/et_pb_row][\/et_pb_section][et_pb_section admin_label=&#8220;Sektion&#8220; fullwidth=&#8220;off&#8220; specialty=&#8220;off&#8220;][et_pb_row admin_label=&#8220;Zeile&#8220;][et_pb_column type=&#8220;1_3&#8243;][\/et_pb_column][et_pb_column type=&#8220;1_3&#8243;][\/et_pb_column][et_pb_column type=&#8220;1_3&#8243;][\/et_pb_column][\/et_pb_row][\/et_pb_section]<\/p>","protected":false},"excerpt":{"rendered":"<p>Von Syltern f\u00fcr Urlaubssylter Lassen Sie sich inspirieren. Auch wenn Sie jedes Jahr Ihren Urlaub auf der Insel verbringen und zum echten Urlaubssylter werden \u2013 Sylt wird Sie jedes Mal aufs Neue \u00fcberraschen. So wie sich Strand und K\u00fcste Jahr f\u00fcr Jahr ver\u00e4ndern, ist auch die Insel selbst in stetigem Wandel. Auf dieser Seite geben [&hellip;]<\/p>\n","protected":false},"author":1,"featured_media":0,"parent":0,"menu_order":3,"comment_status":"open","ping_status":"open","template":"","meta":{"_et_pb_use_builder":"on","_et_pb_old_content":"","_et_gb_content_width":"","footnotes":""},"categories":[],"tags":[],"class_list":["post-9","page","type-page","status-publish","hentry"],"_links":{"self":[{"href":"https:\/\/www.urlaubssylter.de\/index.php\/wp-json\/wp\/v2\/pages\/9","targetHints":{"allow":["GET"]}}],"collection":[{"href":"https:\/\/www.urlaubssylter.de\/index.php\/wp-json\/wp\/v2\/pages"}],"about":[{"href":"https:\/\/www.urlaubssylter.de\/index.php\/wp-json\/wp\/v2\/types\/page"}],"author":[{"embeddable":true,"href":"https:\/\/www.urlaubssylter.de\/index.php\/wp-json\/wp\/v2\/users\/1"}],"replies":[{"embeddable":true,"href":"https:\/\/www.urlaubssylter.de\/index.php\/wp-json\/wp\/v2\/comments?post=9"}],"version-history":[{"count":9,"href":"https:\/\/www.urlaubssylter.de\/index.php\/wp-json\/wp\/v2\/pages\/9\/revisions"}],"predecessor-version":[{"id":972,"href":"https:\/\/www.urlaubssylter.de\/index.php\/wp-json\/wp\/v2\/pages\/9\/revisions\/972"}],"wp:attachment":[{"href":"https:\/\/www.urlaubssylter.de\/index.php\/wp-json\/wp\/v2\/media?parent=9"}],"wp:term":[{"taxonomy":"category","embeddable":true,"href":"https:\/\/www.urlaubssylter.de\/index.php\/wp-json\/wp\/v2\/categories?post=9"},{"taxonomy":"post_tag","embeddable":true,"href":"https:\/\/www.urlaubssylter.de\/index.php\/wp-json\/wp\/v2\/tags?post=9"}],"curies":[{"name":"wp","href":"https:\/\/api.w.org\/{rel}","templated":true}]}}