{"id":69,"date":"2013-05-28T08:46:03","date_gmt":"2013-05-28T06:46:03","guid":{"rendered":"http:\/\/wordpress.p190119.webspaceconfig.de\/?page_id=69"},"modified":"2022-07-06T17:24:36","modified_gmt":"2022-07-06T15:24:36","slug":"startseite","status":"publish","type":"page","link":"https:\/\/www.urlaubssylter.de\/","title":{"rendered":"Startseite"},"content":{"rendered":"<p>[et_pb_section fb_built=&#8220;1&#8243; fullwidth=&#8220;on&#8220; custom_padding_last_edited=&#8220;on|desktop&#8220; admin_label=&#8220;section&#8220; _builder_version=&#8220;4.16&#8243; custom_padding_tablet=&#8220;50px|0|50px|0&#8243; custom_padding_phone=&#8220;&#8220; transparent_background=&#8220;off&#8220; padding_mobile=&#8220;off&#8220; make_fullwidth=&#8220;off&#8220; use_custom_width=&#8220;off&#8220; width_unit=&#8220;off&#8220; custom_width_px=&#8220;1080px&#8220; custom_width_percent=&#8220;80%&#8220; global_colors_info=&#8220;{}&#8220;][et_pb_fullwidth_post_slider include_categories=&#8220;15&#8243; more_text=&#8220;Zum Traumurlaub&#8220; show_meta=&#8220;off&#8220; image_placement=&#8220;right&#8220; use_text_overlay=&#8220;off&#8220; show_image_video_mobile=&#8220;on&#8220; _builder_version=&#8220;4.17.4&#8243; header_font=&#8220;Playfair Display||||||||&#8220; body_font=&#8220;Playfair Display|on|||&#8220; background_color=&#8220;rgba(146,134,120,0.46)&#8220; custom_padding=&#8220;|||&#8220; custom_padding_tablet=&#8220;|||&#8220; custom_padding_phone=&#8220;|||&#8220; auto=&#8220;on&#8220; hover_enabled=&#8220;0&#8243; box_shadow_style=&#8220;preset6&#8243; box_shadow_blur=&#8220;10px&#8220; box_shadow_color=&#8220;rgba(0,0,0,0.1)&#8220; button_letter_spacing_hover=&#8220;0&#8243; remove_inner_shadow=&#8220;off&#8220; hide_content_on_mobile=&#8220;off&#8220; hide_cta_on_mobile=&#8220;off&#8220; show_inner_shadow=&#8220;on&#8220; global_colors_info=&#8220;{}&#8220; button_text_size__hover_enabled=&#8220;off&#8220; button_text_size__hover=&#8220;null&#8220; button_one_text_size__hover_enabled=&#8220;off&#8220; button_one_text_size__hover=&#8220;null&#8220; button_two_text_size__hover_enabled=&#8220;off&#8220; button_two_text_size__hover=&#8220;null&#8220; button_text_color__hover_enabled=&#8220;off&#8220; button_text_color__hover=&#8220;null&#8220; button_one_text_color__hover_enabled=&#8220;off&#8220; button_one_text_color__hover=&#8220;null&#8220; button_two_text_color__hover_enabled=&#8220;off&#8220; button_two_text_color__hover=&#8220;null&#8220; button_border_width__hover_enabled=&#8220;off&#8220; button_border_width__hover=&#8220;null&#8220; button_one_border_width__hover_enabled=&#8220;off&#8220; button_one_border_width__hover=&#8220;null&#8220; button_two_border_width__hover_enabled=&#8220;off&#8220; button_two_border_width__hover=&#8220;null&#8220; button_border_color__hover_enabled=&#8220;off&#8220; button_border_color__hover=&#8220;null&#8220; button_one_border_color__hover_enabled=&#8220;off&#8220; button_one_border_color__hover=&#8220;null&#8220; button_two_border_color__hover_enabled=&#8220;off&#8220; button_two_border_color__hover=&#8220;null&#8220; button_border_radius__hover_enabled=&#8220;off&#8220; button_border_radius__hover=&#8220;null&#8220; button_one_border_radius__hover_enabled=&#8220;off&#8220; button_one_border_radius__hover=&#8220;null&#8220; button_two_border_radius__hover_enabled=&#8220;off&#8220; button_two_border_radius__hover=&#8220;null&#8220; button_letter_spacing__hover_enabled=&#8220;on&#8220; button_letter_spacing__hover=&#8220;0&#8243; button_one_letter_spacing__hover_enabled=&#8220;off&#8220; button_one_letter_spacing__hover=&#8220;null&#8220; button_two_letter_spacing__hover_enabled=&#8220;off&#8220; button_two_letter_spacing__hover=&#8220;null&#8220; button_bg_color__hover_enabled=&#8220;off&#8220; button_bg_color__hover=&#8220;null&#8220; button_one_bg_color__hover_enabled=&#8220;off&#8220; button_one_bg_color__hover=&#8220;null&#8220; button_two_bg_color__hover_enabled=&#8220;off&#8220; button_two_bg_color__hover=&#8220;null&#8220; sticky_enabled=&#8220;0&#8243;]<br \/>\n[\/et_pb_fullwidth_post_slider][\/et_pb_section][et_pb_section fb_built=&#8220;1&#8243; custom_padding_last_edited=&#8220;on|desktop&#8220; admin_label=&#8220;section&#8220; _builder_version=&#8220;4.16&#8243; custom_padding_tablet=&#8220;50px|0|50px|0&#8243; custom_padding_phone=&#8220;&#8220; transparent_background=&#8220;off&#8220; padding_mobile=&#8220;off&#8220; make_fullwidth=&#8220;off&#8220; use_custom_width=&#8220;off&#8220; width_unit=&#8220;off&#8220; custom_width_px=&#8220;1080px&#8220; custom_width_percent=&#8220;80%&#8220; global_colors_info=&#8220;{}&#8220;][et_pb_row padding_mobile=&#8220;off&#8220; column_padding_mobile=&#8220;on&#8220; admin_label=&#8220;row&#8220; _builder_version=&#8220;4.16&#8243; background_size=&#8220;initial&#8220; background_position=&#8220;top_left&#8220; background_repeat=&#8220;repeat&#8220; make_fullwidth=&#8220;off&#8220; use_custom_width=&#8220;off&#8220; width_unit=&#8220;off&#8220; custom_width_px=&#8220;1080px&#8220; custom_width_percent=&#8220;80%&#8220; global_colors_info=&#8220;{}&#8220;][et_pb_column type=&#8220;4_4&#8243; _builder_version=&#8220;4.16&#8243; custom_padding=&#8220;|||&#8220; global_colors_info=&#8220;{}&#8220; custom_padding__hover=&#8220;|||&#8220;][et_pb_testimonial author=&#8220;Rebecca Gysbers&#8220; company_name=&#8220;Ihre Gastgeberin&#8220; portrait_url=&#8220;https:\/\/www.urlaubssylter.de\/wp-content\/uploads\/rg2016-1.png&#8220; portrait_width=&#8220;109px&#8220; portrait_height=&#8220;137px&#8220; _builder_version=&#8220;4.17.4&#8243; background_size=&#8220;initial&#8220; background_position=&#8220;top_left&#8220; background_repeat=&#8220;repeat&#8220; hover_enabled=&#8220;0&#8243; border_radii_portrait=&#8220;on|21px|21px|21px|21px&#8220; use_border_color=&#8220;off&#8220; global_colors_info=&#8220;{}&#8220; body_font=&#8220;Open Sans||||||||&#8220; sticky_enabled=&#8220;0&#8243;]<\/p>\n<p><strong>Appartements f\u00fcr Urlaubssylter <\/strong><\/p>\n<p>Endlich Urlaub! Sie fahren \u00fcber den Damm. Vor Ihnen liegen sch\u00f6ne Tage am Meer. F\u00fcr Urlaubssylter ist die Insel im Herzen ein zweites Zuhause. Ein Ort, an dem sie sich wohl f\u00fchlen, die Natur und die Freiheit genie\u00dfen, die Sch\u00f6nheit des Augenblicks. Sie lieben den Strand, einen lockeren Schnack und gutes Essen nach einem ausgedehnten Spaziergang.<br \/>Urlaubssylter kennen das wahre Sylt \u2013 oder sie wollen es unbedingt kennen lernen. Unsere Appartements sind der perfekte Startpunkt f\u00fcr Ihre Entdeckungstouren. Hier k\u00f6nnen Sie entspannen, den Tag planen, den Abend gem\u00fctlich ausklingen lassen oder auch mal einen sch\u00f6nen Regentag verbringen.<br \/>Sind Sie Urlaubssylter? Dann laden wir Sie herzlich ein! Hier finden Sie eine Auswahl liebevoll eingerichteter Appartements, in denen Sie sich wie zu Hause f\u00fchlen werden. Wir w\u00fcnschen Ihnen einen sch\u00f6nen Urlaub bei uns.<br \/><a title=\"Hier geht\u2019s zu den Appartements\" href=\"https:\/\/www.urlaubssylter.de\/index.php\/appartements\/\">Hier geht\u2019s zu den Appartements <\/a><\/p>\n<p>[\/et_pb_testimonial][\/et_pb_column][\/et_pb_row][\/et_pb_section]<\/p>","protected":false},"excerpt":{"rendered":"<p>Appartements f\u00fcr Urlaubssylter Endlich Urlaub! Sie fahren \u00fcber den Damm. Vor Ihnen liegen sch\u00f6ne Tage am Meer. F\u00fcr Urlaubssylter ist die Insel im Herzen ein zweites Zuhause. Ein Ort, an dem sie sich wohl f\u00fchlen, die Natur und die Freiheit genie\u00dfen, die Sch\u00f6nheit des Augenblicks. Sie lieben den Strand, einen lockeren Schnack und gutes Essen [&hellip;]<\/p>\n","protected":false},"author":1,"featured_media":0,"parent":0,"menu_order":1,"comment_status":"closed","ping_status":"open","template":"","meta":{"_et_pb_use_builder":"on","_et_pb_old_content":"<h1>Appartements f\u00fcr Urlaubssylter<\/h1>\r\n\r\n\r\nEndlich Urlaub! Sie fahren \u00fcber den Damm. Vor Ihnen liegen sch\u00f6ne Tage am Meer. F\u00fcr Urlaubssylter ist die Insel im Herzen ein zweites Zuhause. Ein Ort, an dem sie sich wohl f\u00fchlen, die Natur und die Freiheit genie\u00dfen, die Sch\u00f6nheit des Augenblicks. Sie lieben den Strand, einen lockeren Schnack und gutes Essen nach einem ausgedehnten Spaziergang. \r\n\r\nUrlaubssylter kennen das wahre Sylt \u2013 oder sie wollen es unbedingt kennen lernen. Unsere Appartements sind der perfekte Startpunkt f\u00fcr Ihre Entdeckungstouren. Hier k\u00f6nnen Sie entspannen, den Tag planen, den Abend gem\u00fctlich ausklingen lassen oder auch mal einen sch\u00f6nen Regentag verbringen. \r\n\r\nSind Sie Urlaubssylter? Dann laden wir Sie herzlich ein! Hier finden Sie eine Auswahl liebevoll eingerichteter Appartements, in denen Sie sich wie zu Hause f\u00fchlen werden. Wir w\u00fcnschen Ihnen einen sch\u00f6nen Urlaub bei uns.\r\n\r\n<a href=\"\/index.php\/appartments\/\" alt=\"Hier geht\u2019s zu den Appartements\" title=\"Hier geht\u2019s zu den Appartements\">Hier geht\u2019s zu den Appartements <\/a>","_et_gb_content_width":"","footnotes":""},"categories":[],"tags":[],"class_list":["post-69","page","type-page","status-publish","hentry"],"_links":{"self":[{"href":"https:\/\/www.urlaubssylter.de\/index.php\/wp-json\/wp\/v2\/pages\/69","targetHints":{"allow":["GET"]}}],"collection":[{"href":"https:\/\/www.urlaubssylter.de\/index.php\/wp-json\/wp\/v2\/pages"}],"about":[{"href":"https:\/\/www.urlaubssylter.de\/index.php\/wp-json\/wp\/v2\/types\/page"}],"author":[{"embeddable":true,"href":"https:\/\/www.urlaubssylter.de\/index.php\/wp-json\/wp\/v2\/users\/1"}],"replies":[{"embeddable":true,"href":"https:\/\/www.urlaubssylter.de\/index.php\/wp-json\/wp\/v2\/comments?post=69"}],"version-history":[{"count":28,"href":"https:\/\/www.urlaubssylter.de\/index.php\/wp-json\/wp\/v2\/pages\/69\/revisions"}],"predecessor-version":[{"id":2127,"href":"https:\/\/www.urlaubssylter.de\/index.php\/wp-json\/wp\/v2\/pages\/69\/revisions\/2127"}],"wp:attachment":[{"href":"https:\/\/www.urlaubssylter.de\/index.php\/wp-json\/wp\/v2\/media?parent=69"}],"wp:term":[{"taxonomy":"category","embeddable":true,"href":"https:\/\/www.urlaubssylter.de\/index.php\/wp-json\/wp\/v2\/categories?post=69"},{"taxonomy":"post_tag","embeddable":true,"href":"https:\/\/www.urlaubssylter.de\/index.php\/wp-json\/wp\/v2\/tags?post=69"}],"curies":[{"name":"wp","href":"https:\/\/api.w.org\/{rel}","templated":true}]}}