{"id":11,"date":"2013-05-27T13:22:04","date_gmt":"2013-05-27T11:22:04","guid":{"rendered":"http:\/\/wordpress.p190119.webspaceconfig.de\/?page_id=11"},"modified":"2016-12-22T12:59:34","modified_gmt":"2016-12-22T10:59:34","slug":"uber-uns","status":"publish","type":"page","link":"https:\/\/www.urlaubssylter.de\/index.php\/uber-uns\/","title":{"rendered":"\u00dcBER UNS"},"content":{"rendered":"<p>[et_pb_section admin_label=&#8220;section&#8220; fullwidth=&#8220;off&#8220; specialty=&#8220;off&#8220;][et_pb_row admin_label=&#8220;row&#8220;][et_pb_column type=&#8220;1_3&#8243;][et_pb_team_member admin_label=&#8220;Team Member&#8220; name=&#8220;Rebecca Gysbers&#8220; position=&#8220;Ihre Gastgeberin&#8220; image_url=&#8220;http:\/\/www.urlaubssylter.de\/wp-content\/uploads\/rg2016-1-1.png&#8220; animation=&#8220;fade_in&#8220; background_layout=&#8220;light&#8220; use_border_color=&#8220;off&#8220; border_color=&#8220;#ffffff&#8220; border_style=&#8220;solid&#8220;]<\/p>\n<p>Ich bin auf Sylt geboren und aufgewachsen. Zusammen mit meiner Mutter blicke ich auf mittlerweile \u00fcber 30 Jahre Erfahrung in der Appartementvermietung auf Sylt zur\u00fcck. Mit der Urlaubssylter Appartementvermittlung m\u00f6chte ich die Faszination Sylt mit Ihnen teilen. Daher vermitteln wir ausschlie\u00dflich Appartements, in denen wir uns selbst auch wohl f\u00fchlen w\u00fcrden. Mit Frau Holterbosch haben Sie eine verl\u00e4ssliche Ansprechpartnerin f\u00fcr alle Belange vor Ort. Ich freue mich darauf Sie kennen zu lernen und w\u00fcnsche Ihnen jetzt schon einen tollen Urlaub in unseren Appartements.<\/p>\n<p>&nbsp;<\/p>\n<p>[\/et_pb_team_member][\/et_pb_column][et_pb_column type=&#8220;1_3&#8243;][et_pb_team_member admin_label=&#8220;Team Member&#8220; name=&#8220;Gerda Gysbers&#8220; position=&#8220;Mutter und helfende Hand&#8220; image_url=&#8220;http:\/\/www.urlaubssylter.de\/wp-content\/uploads\/gg-1.jpg&#8220; animation=&#8220;fade_in&#8220; background_layout=&#8220;light&#8220; use_border_color=&#8220;off&#8220; border_color=&#8220;#ffffff&#8220; border_style=&#8220;solid&#8220;]<\/p>\n<p>Nach fast 40 Jahren auf Sylt z\u00e4hle ich mich zu den Insulanern. Ich arbeite seit \u00fcber 30 Jahren in der Appartementvermietung und liebe diesen Beruf. Den Umgang mit Menschen und Zahlen sehe ich als meine Profession und freue mich, meiner Tochter Rebecca Gysbers als helfende Hand zur Seite zu stehen. Telefonisch und vor Ort bin ich jederzeit f\u00fcr Sie erreichbar.<\/p>\n<p>[\/et_pb_team_member][\/et_pb_column][et_pb_column type=&#8220;1_3&#8243;][et_pb_team_member admin_label=&#8220;Team Member&#8220; name=&#8220;Anne Holterbosch&#8220; position=&#8220;Objektbetreuung&#8220; image_url=&#8220;http:\/\/www.urlaubssylter.de\/wp-content\/uploads\/ah-1.png&#8220; animation=&#8220;fade_in&#8220; background_layout=&#8220;light&#8220; use_border_color=&#8220;off&#8220; border_color=&#8220;#ffffff&#8220; border_style=&#8220;solid&#8220;]<\/p>\n<p>Als waschechte Sylterin bin ich mit der Vermietung gro\u00df geworden. Ich k\u00fcmmere mich um alle Belange vor Ort. Von mir erhalten Sie zum Beispiel Ihre Schl\u00fcssel und Ihre W\u00e4schepakete.Sollte wider Erwarten einmal etwas nicht Ihren Vorstellungen gen\u00fcgen, sprechen Sie mich bitte gleich an. Nat\u00fcrlich helfe ich Ihnen auch gern bei Ihren Fragen zur Insel, denn auch ich habe mein ganzes Leben hier verbracht. Viele Gr\u00fc\u00dfe und bis bald!<\/p>\n<p>&nbsp;<\/p>\n<p>[\/et_pb_team_member][\/et_pb_column][\/et_pb_row][et_pb_row admin_label=&#8220;Zeile&#8220;][et_pb_column type=&#8220;4_4&#8243;][et_pb_blurb admin_label=&#8220;Informationstext&#8220; url_new_window=&#8220;off&#8220; use_icon=&#8220;on&#8220; font_icon=&#8220;%%102%%&#8220; icon_color=&#8220;#7EBEC5&#8243; use_circle=&#8220;on&#8220; circle_color=&#8220;#ffffff&#8220; use_circle_border=&#8220;on&#8220; circle_border_color=&#8220;#7ebec5&#8243; icon_placement=&#8220;top&#8220; animation=&#8220;top&#8220; background_layout=&#8220;light&#8220; text_orientation=&#8220;left&#8220; use_icon_font_size=&#8220;off&#8220; use_border_color=&#8220;off&#8220; border_color=&#8220;#ffffff&#8220; border_style=&#8220;solid&#8220; background_color=&#8220;#f5f5f5&#8243;]<\/p>\n<p><strong>Sie m\u00f6chten ein Appartement vermieten?<\/strong><\/p>\n<p>Sie suchen eine vertrauensw\u00fcrdige und engagierte Vermittlung f\u00fcr Ihr Objekt? Ich freue mich immer, wenn wir unser Angebot um passende Appartements erweitern k\u00f6nnen. Dabei geht es mir jedoch nicht darum, m\u00f6glichst schnell viele Objekte zu sammeln. Mir ist wichtig, dass sich alle wohl f\u00fchlen \u2013 Sie als Eigent\u00fcmer und nat\u00fcrlich der Urlauber. Wenn Sie sich eine Zusammenarbeit mit uns vorstellen k\u00f6nnen, sollten wir alles weitere m\u00f6glichst bald besprechen! Nehmen Sie Kontakt mit uns auf.<\/p>\n<p><a href=\"mailto:info@urlaubssylter.de\">info@urlaubssylter.de<\/a><\/p>\n<p>[\/et_pb_blurb][\/et_pb_column][\/et_pb_row][\/et_pb_section]<\/p>","protected":false},"excerpt":{"rendered":"<p>Ich bin auf Sylt geboren und aufgewachsen. Zusammen mit meiner Mutter blicke ich auf mittlerweile \u00fcber 30 Jahre Erfahrung in der Appartementvermietung auf Sylt zur\u00fcck. Mit der Urlaubssylter Appartementvermittlung m\u00f6chte ich die Faszination Sylt mit Ihnen teilen. Daher vermitteln wir ausschlie\u00dflich Appartements, in denen wir uns selbst auch wohl f\u00fchlen w\u00fcrden. Mit Frau Holterbosch haben [&hellip;]<\/p>\n","protected":false},"author":1,"featured_media":0,"parent":0,"menu_order":4,"comment_status":"open","ping_status":"open","template":"","meta":{"_et_pb_use_builder":"on","_et_pb_old_content":"","_et_gb_content_width":"","footnotes":""},"categories":[],"tags":[],"class_list":["post-11","page","type-page","status-publish","hentry"],"_links":{"self":[{"href":"https:\/\/www.urlaubssylter.de\/index.php\/wp-json\/wp\/v2\/pages\/11","targetHints":{"allow":["GET"]}}],"collection":[{"href":"https:\/\/www.urlaubssylter.de\/index.php\/wp-json\/wp\/v2\/pages"}],"about":[{"href":"https:\/\/www.urlaubssylter.de\/index.php\/wp-json\/wp\/v2\/types\/page"}],"author":[{"embeddable":true,"href":"https:\/\/www.urlaubssylter.de\/index.php\/wp-json\/wp\/v2\/users\/1"}],"replies":[{"embeddable":true,"href":"https:\/\/www.urlaubssylter.de\/index.php\/wp-json\/wp\/v2\/comments?post=11"}],"version-history":[{"count":12,"href":"https:\/\/www.urlaubssylter.de\/index.php\/wp-json\/wp\/v2\/pages\/11\/revisions"}],"predecessor-version":[{"id":1002,"href":"https:\/\/www.urlaubssylter.de\/index.php\/wp-json\/wp\/v2\/pages\/11\/revisions\/1002"}],"wp:attachment":[{"href":"https:\/\/www.urlaubssylter.de\/index.php\/wp-json\/wp\/v2\/media?parent=11"}],"wp:term":[{"taxonomy":"category","embeddable":true,"href":"https:\/\/www.urlaubssylter.de\/index.php\/wp-json\/wp\/v2\/categories?post=11"},{"taxonomy":"post_tag","embeddable":true,"href":"https:\/\/www.urlaubssylter.de\/index.php\/wp-json\/wp\/v2\/tags?post=11"}],"curies":[{"name":"wp","href":"https:\/\/api.w.org\/{rel}","templated":true}]}}